{"id":46,"date":"2025-07-24T13:44:38","date_gmt":"2025-07-24T13:44:38","guid":{"rendered":"https:\/\/dandarambiental.com\/contato\/"},"modified":"2025-07-24T13:44:38","modified_gmt":"2025-07-24T13:44:38","slug":"contato","status":"publish","type":"page","link":"https:\/\/dandarambiental.com\/en\/contato\/","title":{"rendered":"Contact us"},"content":{"rendered":"<div class=\"wp-block-group alignfull has-background-background-color has-background\" id=\"contato\" style=\"margin-top:0;margin-bottom:0;padding-top:var(--wp--preset--spacing--60);padding-right:var(--wp--preset--spacing--30);padding-bottom:var(--wp--preset--spacing--60);padding-left:var(--wp--preset--spacing--30)\"><div class=\"wp-block-group__inner-container is-layout-constrained wp-container-core-group-is-layout-392eb801 wp-block-group-is-layout-constrained\">\n<div class=\"wp-block-columns alignwide is-layout-flex wp-container-core-columns-is-layout-6b2998fd wp-block-columns-is-layout-flex\">\n<div class=\"wp-block-column is-layout-flow wp-block-column-is-layout-flow\" style=\"flex-basis:50%\">\n<div class=\"wp-block-group\" style=\"margin-bottom:var(--wp--preset--spacing--40)\"><div class=\"wp-block-group__inner-container is-layout-constrained wp-block-group-is-layout-constrained\">\n<h2 class=\"wp-block-heading has-large-font-size\">Solu\u00e7\u00f5es Hidrol\u00f3gicas Precisas para seus Projetos<\/h2>\n\n\n\n<p style=\"margin-top:1rem\">Entre em contato conosco para solu\u00e7\u00f5es ambientais personalizadas.<\/p>\n<\/div><\/div>\n\n\n<div class=\"wpforms-container wpforms-container-full wpforms-block wpforms-block-9afe8130-2d97-4b16-9810-df903f92a81c wpforms-render-modern\" id=\"wpforms-43\"><form id=\"wpforms-form-43\" class=\"wpforms-validate wpforms-form wpforms-ajax-form\" data-formid=\"43\" method=\"post\" enctype=\"multipart\/form-data\" action=\"\/en\/wp-json\/wp\/v2\/pages\/46\" data-token=\"9041c80b6657d83320c3ea0a970fa9ed\" data-token-time=\"1777227544\" data-trp-original-action=\"\/en\/wp-json\/wp\/v2\/pages\/46\"><noscript class=\"wpforms-error-noscript\">Please enable JavaScript in your browser to complete this form.<\/noscript><div id=\"wpforms-error-noscript\" style=\"display: none;\">Please enable JavaScript in your browser to complete this form.<\/div><div class=\"wpforms-field-container\"><div id=\"wpforms-43-field_1-container\" class=\"wpforms-field wpforms-field-name\" data-field-id=\"1\"><label class=\"wpforms-field-label\" for=\"wpforms-43-field_1\">Nome <span class=\"wpforms-required-label\" aria-hidden=\"true\">*<\/span><\/label><input type=\"text\" id=\"wpforms-43-field_1\" class=\"wpforms-field-large wpforms-field-required\" name=\"wpforms[fields][1]\" aria-errormessage=\"wpforms-43-field_1-error\" required><\/div><div id=\"wpforms-43-field_2-container\" class=\"wpforms-field wpforms-field-email\" data-field-id=\"2\"><label class=\"wpforms-field-label\" for=\"wpforms-43-field_2\">E-mail <span class=\"wpforms-required-label\" aria-hidden=\"true\">*<\/span><\/label><input type=\"email\" id=\"wpforms-43-field_2\" class=\"wpforms-field-large wpforms-field-required\" name=\"wpforms[fields][2]\" spellcheck=\"false\" aria-errormessage=\"wpforms-43-field_2-error\" required><\/div>\t\t<div id=\"wpforms-43-field_5-container\"\n\t\t\tclass=\"wpforms-field wpforms-field-text\"\n\t\t\tdata-field-type=\"text\"\n\t\t\tdata-field-id=\"5\"\n\t\t\t>\n\t\t\t<label class=\"wpforms-field-label\" for=\"wpforms-43-field_5\" >Assunto Nome E-mail<\/label>\n\t\t\t<input type=\"text\" id=\"wpforms-43-field_5\" class=\"wpforms-field-medium\" name=\"wpforms[fields][5]\" >\n\t\t<\/div>\n\t\t<div id=\"wpforms-43-field_3-container\" class=\"wpforms-field wpforms-field-text\" data-field-id=\"3\"><label class=\"wpforms-field-label\" for=\"wpforms-43-field_3\">Assunto<\/label><input type=\"text\" id=\"wpforms-43-field_3\" class=\"wpforms-field-large\" name=\"wpforms[fields][3]\" aria-errormessage=\"wpforms-43-field_3-error\" ><\/div><div id=\"wpforms-43-field_4-container\" class=\"wpforms-field wpforms-field-textarea\" data-field-id=\"4\"><label class=\"wpforms-field-label\" for=\"wpforms-43-field_4\">Mensagem <span class=\"wpforms-required-label\" aria-hidden=\"true\">*<\/span><\/label><textarea id=\"wpforms-43-field_4\" class=\"wpforms-field-large wpforms-field-required\" name=\"wpforms[fields][4]\" aria-errormessage=\"wpforms-43-field_4-error\" required><\/textarea><\/div><script>\n\t\t\t\t( function() {\n\t\t\t\t\tconst style = document.createElement( 'style' );\n\t\t\t\t\tstyle.appendChild( document.createTextNode( '#wpforms-43-field_5-container { position: absolute !important; overflow: hidden !important; display: inline !important; height: 1px !important; width: 1px !important; z-index: -1000 !important; padding: 0 !important; } #wpforms-43-field_5-container input { visibility: hidden; } #wpforms-conversational-form-page #wpforms-43-field_5-container label { counter-increment: none; }' ) );\n\t\t\t\t\tdocument.head.appendChild( style );\n\t\t\t\t\tdocument.currentScript?.remove();\n\t\t\t\t} )();\n\t\t\t<\/script><\/div><!-- .wpforms-field-container --><div class=\"wpforms-submit-container\" ><input type=\"hidden\" name=\"wpforms[id]\" value=\"43\"><input type=\"hidden\" name=\"page_title\" value=\"\"><input type=\"hidden\" name=\"page_url\" value=\"https:\/\/dandarambiental.com\/en\/wp-json\/wp\/v2\/pages\/46\"><input type=\"hidden\" name=\"url_referer\" value=\"\"><button type=\"submit\" name=\"wpforms[submit]\" id=\"wpforms-submit-43\" class=\"wpforms-submit\" data-alt-text=\"Enviando\u2026\" data-submit-text=\"Enviar\" aria-live=\"assertive\" value=\"wpforms-submit\">Enviar<\/button><img decoding=\"async\" src=\"https:\/\/dandarambiental.com\/wp-content\/plugins\/wpforms-lite\/assets\/images\/submit-spin.svg\" class=\"wpforms-submit-spinner\" style=\"display: none;\" width=\"26\" height=\"26\" alt=\"Loading\"><\/div><input type=\"hidden\" name=\"trp-form-language\" value=\"en\"\/><\/form><\/div>  <!-- .wpforms-container --><\/div>\n\n\n\n<div class=\"wp-block-column is-layout-flow wp-block-column-is-layout-flow\" style=\"flex-basis:50%\">\n<figure class=\"wp-block-image extendify-image-import\"><img decoding=\"async\" src=\"https:\/\/images.unsplash.com\/photo-1748769728653-fdd3aa5d535c?ixid=M3w0MzUxNjF8MHwxfHNlYXJjaHwxNHx8d2F0ZXIlMjBtYW5hZ2VtZW50fGVufDB8fHx8MTc1MzM2Mzk1OXww&amp;ixlib=rb-4.1.0&amp;orientation=landscape?fit=crop&amp;crop=entropy%2Cfaces&amp;auto=format%2Ccompress\" alt=\"\" style=\"aspect-ratio:3\/4;object-fit:cover\"\/><\/figure>\n<\/div>\n<\/div>\n<\/div><\/div>\n\n<div class=\"wp-block-group alignfull has-tertiary-background-color has-background\" id=\"perguntas-frequentes\" style=\"margin-top:0;margin-bottom:0;padding-top:var(--wp--preset--spacing--60);padding-right:var(--wp--preset--spacing--30);padding-bottom:var(--wp--preset--spacing--60);padding-left:var(--wp--preset--spacing--30)\"><div class=\"wp-block-group__inner-container is-layout-constrained wp-container-core-group-is-layout-392eb801 wp-block-group-is-layout-constrained\">\n<div class=\"wp-block-group alignwide is-vertical is-layout-flex wp-container-core-group-is-layout-8cf370e7 wp-block-group-is-layout-flex\">\n<div class=\"wp-block-group alignwide is-content-justification-center\"><div class=\"wp-block-group__inner-container is-layout-constrained wp-block-group-is-layout-constrained\">\n<h2 class=\"wp-block-heading has-large-font-size\">Consultoria Avan\u00e7ada em Saneamento e Recursos H\u00eddricos<\/h2>\n\n\n\n<p style=\"margin-top:16px\">Aqui voc\u00ea encontra as respostas para as d\u00favidas mais comuns, facilitando seu acesso r\u00e1pido \u00e0s informa\u00e7\u00f5es essenciais.<\/p>\n<\/div><\/div>\n<\/div>\n\n\n\n<div class=\"wp-block-columns alignwide is-layout-flex wp-container-core-columns-is-layout-30f78326 wp-block-columns-is-layout-flex\">\n<div class=\"wp-block-column is-layout-flow wp-block-column-is-layout-flow\">\n<h3 class=\"wp-block-heading\" style=\"font-size:20px;line-height:1.5\">Como a Dandara Ambiental pode ajudar no licenciamento ambiental da minha prefeitura?<\/h3>\n\n\n\n<p class=\"has-small-font-size\" style=\"margin-top:8px\">Oferecemos suporte completo para tramita\u00e7\u00e3o de licen\u00e7as, garantindo conformidade com a legisla\u00e7\u00e3o vigente.<\/p>\n<\/div>\n\n\n\n<div class=\"wp-block-column is-layout-flow wp-block-column-is-layout-flow\">\n<h3 class=\"wp-block-heading\" style=\"font-size:20px;line-height:1.5\">Quais servi\u00e7os de modelagem hidrol\u00f3gica voc\u00eas oferecem para condom\u00ednios?<\/h3>\n\n\n\n<p class=\"has-small-font-size\" style=\"margin-top:8px\">Realizamos an\u00e1lises detalhadas de suscetibilidade a inunda\u00e7\u00f5es e estudos hidr\u00e1ulicos personalizados.<\/p>\n<\/div>\n<\/div>\n\n\n\n<div class=\"wp-block-columns alignwide is-layout-flex wp-container-core-columns-is-layout-30f78326 wp-block-columns-is-layout-flex\">\n<div class=\"wp-block-column is-layout-flow wp-block-column-is-layout-flow\">\n<h3 class=\"wp-block-heading\" style=\"font-size:20px;line-height:1.5\">Como garantir a regulariza\u00e7\u00e3o das infraestruturas de saneamento existentes?<\/h3>\n\n\n\n<p class=\"has-small-font-size\" style=\"margin-top:8px\">Acompanhamos todo o processo de regulariza\u00e7\u00e3o, desde a an\u00e1lise t\u00e9cnica at\u00e9 a aprova\u00e7\u00e3o junto aos \u00f3rg\u00e3os competentes.<\/p>\n<\/div>\n\n\n\n<div class=\"wp-block-column is-layout-flow wp-block-column-is-layout-flow\">\n<h3 class=\"wp-block-heading\" style=\"font-size:20px;line-height:1.5\">Quais s\u00e3o as vantagens de contratar a Dandara Ambiental para meu empreendimento?<\/h3>\n\n\n\n<p class=\"has-small-font-size\" style=\"margin-top:8px\">Proporcionamos solu\u00e7\u00f5es estrat\u00e9gicas que tornam seu projeto ambientalmente sustent\u00e1vel e seguro, facilitando sua aprova\u00e7\u00e3o.<\/p>\n<\/div>\n<\/div>\n<\/div><\/div>","protected":false},"excerpt":{"rendered":"<p>Solu\u00e7\u00f5es Hidrol\u00f3gicas Precisas para seus Projetos Entre em contato conosco para solu\u00e7\u00f5es ambientais personalizadas. Consultoria Avan\u00e7ada em Saneamento e Recursos H\u00eddricos Aqui voc\u00ea encontra as respostas para as d\u00favidas mais comuns, facilitando seu acesso r\u00e1pido \u00e0s informa\u00e7\u00f5es essenciais. Como a Dandara Ambiental pode ajudar no licenciamento ambiental da minha prefeitura? Oferecemos suporte completo para tramita\u00e7\u00e3o&#8230;<\/p>","protected":false},"author":1,"featured_media":0,"parent":0,"menu_order":0,"comment_status":"closed","ping_status":"closed","template":"page-with-title","meta":{"_kadence_starter_templates_imported_post":false,"_kad_post_transparent":"","_kad_post_title":"","_kad_post_layout":"","_kad_post_sidebar_id":"","_kad_post_content_style":"","_kad_post_vertical_padding":"","_kad_post_feature":"","_kad_post_feature_position":"","_kad_post_header":false,"_kad_post_footer":false,"footnotes":""},"class_list":["post-46","page","type-page","status-publish","hentry"],"yoast_head":"<!-- This site is optimized with the Yoast SEO plugin v27.2 - https:\/\/yoast.com\/product\/yoast-seo-wordpress\/ -->\n<title>Contato - Dandara Ambiental<\/title>\n<meta name=\"robots\" content=\"index, follow, max-snippet:-1, max-image-preview:large, max-video-preview:-1\" \/>\n<link rel=\"canonical\" href=\"https:\/\/dandarambiental.com\/en\/contato\/\" \/>\n<meta property=\"og:locale\" content=\"en_US\" \/>\n<meta property=\"og:type\" content=\"article\" \/>\n<meta property=\"og:title\" content=\"Contato - Dandara Ambiental\" \/>\n<meta property=\"og:description\" content=\"Solu\u00e7\u00f5es Hidrol\u00f3gicas Precisas para seus Projetos Entre em contato conosco para solu\u00e7\u00f5es ambientais personalizadas. Consultoria Avan\u00e7ada em Saneamento e Recursos H\u00eddricos Aqui voc\u00ea encontra as respostas para as d\u00favidas mais comuns, facilitando seu acesso r\u00e1pido \u00e0s informa\u00e7\u00f5es essenciais. Como a Dandara Ambiental pode ajudar no licenciamento ambiental da minha prefeitura? Oferecemos suporte completo para tramita\u00e7\u00e3o...\" \/>\n<meta property=\"og:url\" content=\"https:\/\/dandarambiental.com\/en\/contato\/\" \/>\n<meta property=\"og:site_name\" content=\"Dandara Ambiental\" \/>\n<meta property=\"og:image\" content=\"https:\/\/images.unsplash.com\/photo-1748769728653-fdd3aa5d535c?ixid=M3w0MzUxNjF8MHwxfHNlYXJjaHwxNHx8d2F0ZXIlMjBtYW5hZ2VtZW50fGVufDB8fHx8MTc1MzM2Mzk1OXww&amp;ixlib=rb-4.1.0&amp;orientation=landscape?fit=crop&amp;crop=entropy%2Cfaces&amp;auto=format%2Ccompress\" \/>\n<meta name=\"twitter:card\" content=\"summary_large_image\" \/>\n<meta name=\"twitter:label1\" content=\"Est. reading time\" \/>\n\t<meta name=\"twitter:data1\" content=\"1 minute\" \/>\n<script type=\"application\/ld+json\" class=\"yoast-schema-graph\">{\"@context\":\"https:\/\/schema.org\",\"@graph\":[{\"@type\":\"WebPage\",\"@id\":\"https:\/\/dandarambiental.com\/contato\/\",\"url\":\"https:\/\/dandarambiental.com\/contato\/\",\"name\":\"Contato - Dandara Ambiental\",\"isPartOf\":{\"@id\":\"https:\/\/dandarambiental.com\/#website\"},\"primaryImageOfPage\":{\"@id\":\"https:\/\/dandarambiental.com\/contato\/#primaryimage\"},\"image\":{\"@id\":\"https:\/\/dandarambiental.com\/contato\/#primaryimage\"},\"thumbnailUrl\":\"https:\/\/images.unsplash.com\/photo-1748769728653-fdd3aa5d535c?ixid=M3w0MzUxNjF8MHwxfHNlYXJjaHwxNHx8d2F0ZXIlMjBtYW5hZ2VtZW50fGVufDB8fHx8MTc1MzM2Mzk1OXww&amp;ixlib=rb-4.1.0&amp;orientation=landscape?fit=crop&amp;crop=entropy%2Cfaces&amp;auto=format%2Ccompress\",\"datePublished\":\"2025-07-24T13:44:38+00:00\",\"breadcrumb\":{\"@id\":\"https:\/\/dandarambiental.com\/contato\/#breadcrumb\"},\"inLanguage\":\"en-US\",\"potentialAction\":[{\"@type\":\"ReadAction\",\"target\":[\"https:\/\/dandarambiental.com\/contato\/\"]}]},{\"@type\":\"ImageObject\",\"inLanguage\":\"en-US\",\"@id\":\"https:\/\/dandarambiental.com\/contato\/#primaryimage\",\"url\":\"https:\/\/images.unsplash.com\/photo-1748769728653-fdd3aa5d535c?ixid=M3w0MzUxNjF8MHwxfHNlYXJjaHwxNHx8d2F0ZXIlMjBtYW5hZ2VtZW50fGVufDB8fHx8MTc1MzM2Mzk1OXww&amp;ixlib=rb-4.1.0&amp;orientation=landscape?fit=crop&amp;crop=entropy%2Cfaces&amp;auto=format%2Ccompress\",\"contentUrl\":\"https:\/\/images.unsplash.com\/photo-1748769728653-fdd3aa5d535c?ixid=M3w0MzUxNjF8MHwxfHNlYXJjaHwxNHx8d2F0ZXIlMjBtYW5hZ2VtZW50fGVufDB8fHx8MTc1MzM2Mzk1OXww&amp;ixlib=rb-4.1.0&amp;orientation=landscape?fit=crop&amp;crop=entropy%2Cfaces&amp;auto=format%2Ccompress\"},{\"@type\":\"BreadcrumbList\",\"@id\":\"https:\/\/dandarambiental.com\/contato\/#breadcrumb\",\"itemListElement\":[{\"@type\":\"ListItem\",\"position\":1,\"name\":\"In\u00edcio\",\"item\":\"https:\/\/dandarambiental.com\/\"},{\"@type\":\"ListItem\",\"position\":2,\"name\":\"Contato\"}]},{\"@type\":\"WebSite\",\"@id\":\"https:\/\/dandarambiental.com\/#website\",\"url\":\"https:\/\/dandarambiental.com\/\",\"name\":\"Dandara Ambiental\",\"description\":\"Responsabilidade ambiental e jur\u00eddica na palma da m\u00e3o!\",\"publisher\":{\"@id\":\"https:\/\/dandarambiental.com\/#organization\"},\"potentialAction\":[{\"@type\":\"SearchAction\",\"target\":{\"@type\":\"EntryPoint\",\"urlTemplate\":\"https:\/\/dandarambiental.com\/?s={search_term_string}\"},\"query-input\":{\"@type\":\"PropertyValueSpecification\",\"valueRequired\":true,\"valueName\":\"search_term_string\"}}],\"inLanguage\":\"en-US\"},{\"@type\":\"Organization\",\"@id\":\"https:\/\/dandarambiental.com\/#organization\",\"name\":\"Dandara Ambiental\",\"url\":\"https:\/\/dandarambiental.com\/\",\"logo\":{\"@type\":\"ImageObject\",\"inLanguage\":\"en-US\",\"@id\":\"https:\/\/dandarambiental.com\/#\/schema\/logo\/image\/\",\"url\":\"https:\/\/dandarambiental.com\/wp-content\/uploads\/2025\/07\/cropped-logo-sem-fundo.png\",\"contentUrl\":\"https:\/\/dandarambiental.com\/wp-content\/uploads\/2025\/07\/cropped-logo-sem-fundo.png\",\"width\":500,\"height\":403,\"caption\":\"Dandara Ambiental\"},\"image\":{\"@id\":\"https:\/\/dandarambiental.com\/#\/schema\/logo\/image\/\"}}]}<\/script>\n<!-- \/ Yoast SEO plugin. -->","yoast_head_json":{"title":"Contato - Dandara Ambiental","robots":{"index":"index","follow":"follow","max-snippet":"max-snippet:-1","max-image-preview":"max-image-preview:large","max-video-preview":"max-video-preview:-1"},"canonical":"https:\/\/dandarambiental.com\/en\/contato\/","og_locale":"en_US","og_type":"article","og_title":"Contato - Dandara Ambiental","og_description":"Solu\u00e7\u00f5es Hidrol\u00f3gicas Precisas para seus Projetos Entre em contato conosco para solu\u00e7\u00f5es ambientais personalizadas. Consultoria Avan\u00e7ada em Saneamento e Recursos H\u00eddricos Aqui voc\u00ea encontra as respostas para as d\u00favidas mais comuns, facilitando seu acesso r\u00e1pido \u00e0s informa\u00e7\u00f5es essenciais. Como a Dandara Ambiental pode ajudar no licenciamento ambiental da minha prefeitura? Oferecemos suporte completo para tramita\u00e7\u00e3o...","og_url":"https:\/\/dandarambiental.com\/en\/contato\/","og_site_name":"Dandara Ambiental","og_image":[{"url":"https:\/\/images.unsplash.com\/photo-1748769728653-fdd3aa5d535c?ixid=M3w0MzUxNjF8MHwxfHNlYXJjaHwxNHx8d2F0ZXIlMjBtYW5hZ2VtZW50fGVufDB8fHx8MTc1MzM2Mzk1OXww&amp;ixlib=rb-4.1.0&amp;orientation=landscape?fit=crop&amp;crop=entropy%2Cfaces&amp;auto=format%2Ccompress","type":"","width":"","height":""}],"twitter_card":"summary_large_image","twitter_misc":{"Est. reading time":"1 minute"},"schema":{"@context":"https:\/\/schema.org","@graph":[{"@type":"WebPage","@id":"https:\/\/dandarambiental.com\/contato\/","url":"https:\/\/dandarambiental.com\/contato\/","name":"Contato - Dandara Ambiental","isPartOf":{"@id":"https:\/\/dandarambiental.com\/#website"},"primaryImageOfPage":{"@id":"https:\/\/dandarambiental.com\/contato\/#primaryimage"},"image":{"@id":"https:\/\/dandarambiental.com\/contato\/#primaryimage"},"thumbnailUrl":"https:\/\/images.unsplash.com\/photo-1748769728653-fdd3aa5d535c?ixid=M3w0MzUxNjF8MHwxfHNlYXJjaHwxNHx8d2F0ZXIlMjBtYW5hZ2VtZW50fGVufDB8fHx8MTc1MzM2Mzk1OXww&amp;ixlib=rb-4.1.0&amp;orientation=landscape?fit=crop&amp;crop=entropy%2Cfaces&amp;auto=format%2Ccompress","datePublished":"2025-07-24T13:44:38+00:00","breadcrumb":{"@id":"https:\/\/dandarambiental.com\/contato\/#breadcrumb"},"inLanguage":"en-US","potentialAction":[{"@type":"ReadAction","target":["https:\/\/dandarambiental.com\/contato\/"]}]},{"@type":"ImageObject","inLanguage":"en-US","@id":"https:\/\/dandarambiental.com\/contato\/#primaryimage","url":"https:\/\/images.unsplash.com\/photo-1748769728653-fdd3aa5d535c?ixid=M3w0MzUxNjF8MHwxfHNlYXJjaHwxNHx8d2F0ZXIlMjBtYW5hZ2VtZW50fGVufDB8fHx8MTc1MzM2Mzk1OXww&amp;ixlib=rb-4.1.0&amp;orientation=landscape?fit=crop&amp;crop=entropy%2Cfaces&amp;auto=format%2Ccompress","contentUrl":"https:\/\/images.unsplash.com\/photo-1748769728653-fdd3aa5d535c?ixid=M3w0MzUxNjF8MHwxfHNlYXJjaHwxNHx8d2F0ZXIlMjBtYW5hZ2VtZW50fGVufDB8fHx8MTc1MzM2Mzk1OXww&amp;ixlib=rb-4.1.0&amp;orientation=landscape?fit=crop&amp;crop=entropy%2Cfaces&amp;auto=format%2Ccompress"},{"@type":"BreadcrumbList","@id":"https:\/\/dandarambiental.com\/contato\/#breadcrumb","itemListElement":[{"@type":"ListItem","position":1,"name":"In\u00edcio","item":"https:\/\/dandarambiental.com\/"},{"@type":"ListItem","position":2,"name":"Contato"}]},{"@type":"WebSite","@id":"https:\/\/dandarambiental.com\/#website","url":"https:\/\/dandarambiental.com\/","name":"Dandara Ambiental","description":"Environmental and legal compliance made easy.","publisher":{"@id":"https:\/\/dandarambiental.com\/#organization"},"potentialAction":[{"@type":"SearchAction","target":{"@type":"EntryPoint","urlTemplate":"https:\/\/dandarambiental.com\/?s={search_term_string}"},"query-input":{"@type":"PropertyValueSpecification","valueRequired":true,"valueName":"search_term_string"}}],"inLanguage":"en-US"},{"@type":"Organization","@id":"https:\/\/dandarambiental.com\/#organization","name":"Dandara Ambiental","url":"https:\/\/dandarambiental.com\/","logo":{"@type":"ImageObject","inLanguage":"en-US","@id":"https:\/\/dandarambiental.com\/#\/schema\/logo\/image\/","url":"https:\/\/dandarambiental.com\/wp-content\/uploads\/2025\/07\/cropped-logo-sem-fundo.png","contentUrl":"https:\/\/dandarambiental.com\/wp-content\/uploads\/2025\/07\/cropped-logo-sem-fundo.png","width":500,"height":403,"caption":"Dandara Ambiental"},"image":{"@id":"https:\/\/dandarambiental.com\/#\/schema\/logo\/image\/"}}]}},"_links":{"self":[{"href":"https:\/\/dandarambiental.com\/en\/wp-json\/wp\/v2\/pages\/46","targetHints":{"allow":["GET"]}}],"collection":[{"href":"https:\/\/dandarambiental.com\/en\/wp-json\/wp\/v2\/pages"}],"about":[{"href":"https:\/\/dandarambiental.com\/en\/wp-json\/wp\/v2\/types\/page"}],"author":[{"embeddable":true,"href":"https:\/\/dandarambiental.com\/en\/wp-json\/wp\/v2\/users\/1"}],"replies":[{"embeddable":true,"href":"https:\/\/dandarambiental.com\/en\/wp-json\/wp\/v2\/comments?post=46"}],"version-history":[{"count":0,"href":"https:\/\/dandarambiental.com\/en\/wp-json\/wp\/v2\/pages\/46\/revisions"}],"wp:attachment":[{"href":"https:\/\/dandarambiental.com\/en\/wp-json\/wp\/v2\/media?parent=46"}],"curies":[{"name":"wp","href":"https:\/\/api.w.org\/{rel}","templated":true}]}}